{"id":90,"date":"2026-02-14T17:21:37","date_gmt":"2026-02-14T16:21:37","guid":{"rendered":"https:\/\/kasiarypysc.xaa.pl\/?page_id=90"},"modified":"2026-02-14T17:22:53","modified_gmt":"2026-02-14T16:22:53","slug":"regulamin","status":"publish","type":"page","link":"https:\/\/kasiarypysc.xaa.pl\/index.php\/regulamin\/","title":{"rendered":"Regulamin"},"content":{"rendered":"<p style=\"text-align: center;\">Regulamin<br \/>\nPami\u0119taj, \u017ce nie jestem pracownikiem \u017cadnej firmy online w kt\u00f3rej zarabiam. Wsp\u00f3\u0142pracuj\u0119 z ka\u017cd\u0105 na tych samych zasadach jak inni. Podejmij w\u0142asn\u0105 \u015bwiadom\u0105 decyzje, przed przyst\u0105pieniem do projektu<\/p>\n<p style=\"text-align: center;\">Strona internetowa https:\/\/kasiarypysc.xaa.pl\/index.php\/blog\/ to prywatny blog po\u015bwi\u0119cony edukacji finansowej.<\/p>\n<p style=\"text-align: center;\">Tre\u015b\u0107 artyku\u0142\u00f3w, wszelkich tekst\u00f3w, prezentacji, nagra\u0144 audio i video w domenie i subdomenach: kasiarypysc.xaa.pl maj\u0105 wy\u0142\u0105cznie charakter informacyjno-edukacyjny. Nie stanowia\u0328 \u201erekomendacji\u201d w rozumieniu przepiso\u0301w zawartych w Rozporza\u0328dzeniu Ministra Finanso\u0301w z dnia 19.10.2005r. w sprawie informacji stanowi\u0105cych rekomendacje dotycza\u0328ce instrumento\u0301w finansowych lub ich emitent\u00f3w (Dz. U. z 2005r. Nr 206, poz. 1715).<\/p>\n<p style=\"text-align: center;\">Zgodnie z powy\u017cszym autor nie ponosi jakiejkolwiek odpowiedzialno\u015bci za decyzje inwestycyjne podejmowane na podstawie tre\u015bci zawartych w materiale jak i jakichkolwiek materia\u0142ach instrukta\u017cowych.<\/p>\n<p style=\"text-align: center;\">Zarabianie i pomna\u017canie pieni\u0119dzy (inwestycje: nieruchomo\u015bci, gie\u0142da papier\u00f3w warto\u015bciowych, gie\u0142dy walutowe, krytptowaluty, biznesy typu START-UP, forex, lokaty bankowe, fundusze inwestycyjne i ka\u017cdy inny rodzaj inwestycji) wi\u0105\u017ce si\u0119 z ryzykiem utraty ca\u0142o\u015bci zainwestowanego kapita\u0142u.<\/p>\n<p style=\"text-align: center;\">Decyzje o dokonaniu jakiejkolwiek inwestycji podejmuj samodzielnie.<br \/>\nWykorzystanie pieni\u0119dzy, kt\u00f3rych utrata spowodowa\u0142aby drastyczne pogorszenie stanu domowego bud\u017cetu, zmiany standardu \u017cycia lub k\u0142opoty finansowe, jest stanowczo odradzane.<\/p>\n","protected":false},"excerpt":{"rendered":"<p>Regulamin Pami\u0119taj, \u017ce nie jestem pracownikiem \u017cadnej firmy online w kt\u00f3rej zarabiam. Wsp\u00f3\u0142pracuj\u0119 z ka\u017cd\u0105 na tych samych zasadach jak inni. Podejmij w\u0142asn\u0105 \u015bwiadom\u0105 decyzje, przed przyst\u0105pieniem do projektu Strona internetowa https:\/\/kasiarypysc.xaa.pl\/index.php\/blog\/ to prywatny blog po\u015bwi\u0119cony edukacji finansowej. Tre\u015b\u0107 artyku\u0142\u00f3w, wszelkich tekst\u00f3w, prezentacji, nagra\u0144 audio i video w domenie i<a class=\"moretag\" href=\"https:\/\/kasiarypysc.xaa.pl\/index.php\/regulamin\/\"> Read more<\/a><\/p>\n","protected":false},"author":1,"featured_media":0,"parent":0,"menu_order":0,"comment_status":"closed","ping_status":"closed","template":"","meta":{"footnotes":""},"class_list":["post-90","page","type-page","status-publish","hentry"],"_links":{"self":[{"href":"https:\/\/kasiarypysc.xaa.pl\/index.php\/wp-json\/wp\/v2\/pages\/90","targetHints":{"allow":["GET"]}}],"collection":[{"href":"https:\/\/kasiarypysc.xaa.pl\/index.php\/wp-json\/wp\/v2\/pages"}],"about":[{"href":"https:\/\/kasiarypysc.xaa.pl\/index.php\/wp-json\/wp\/v2\/types\/page"}],"author":[{"embeddable":true,"href":"https:\/\/kasiarypysc.xaa.pl\/index.php\/wp-json\/wp\/v2\/users\/1"}],"replies":[{"embeddable":true,"href":"https:\/\/kasiarypysc.xaa.pl\/index.php\/wp-json\/wp\/v2\/comments?post=90"}],"version-history":[{"count":2,"href":"https:\/\/kasiarypysc.xaa.pl\/index.php\/wp-json\/wp\/v2\/pages\/90\/revisions"}],"predecessor-version":[{"id":92,"href":"https:\/\/kasiarypysc.xaa.pl\/index.php\/wp-json\/wp\/v2\/pages\/90\/revisions\/92"}],"wp:attachment":[{"href":"https:\/\/kasiarypysc.xaa.pl\/index.php\/wp-json\/wp\/v2\/media?parent=90"}],"curies":[{"name":"wp","href":"https:\/\/api.w.org\/{rel}","templated":true}]}}